{"id":18641,"date":"2023-10-05T16:48:14","date_gmt":"2023-10-05T14:48:14","guid":{"rendered":"https:\/\/psff.cz\/filmovy-workshop\/"},"modified":"2024-10-11T18:37:00","modified_gmt":"2024-10-11T16:37:00","slug":"filmovy-workshop","status":"publish","type":"page","link":"https:\/\/psff.cz\/en\/filmovy-workshop\/","title":{"rendered":"Workshop"},"content":{"rendered":"\t\t<div data-elementor-type=\"wp-page\" data-elementor-id=\"18641\" class=\"elementor elementor-18641 elementor-17566\" data-elementor-settings=\"[]\">\n\t\t\t\t\t\t\t<div class=\"elementor-section-wrap\">\n\t\t\t\t\t\t\t<section class=\"elementor-section elementor-top-section elementor-element elementor-element-11914e4 elementor-section-boxed elementor-section-height-default elementor-section-height-default\" data-id=\"11914e4\" data-element_type=\"section\">\n\t\t\t\t\t\t<div class=\"elementor-container elementor-column-gap-default\">\n\t\t\t\t\t<div class=\"elementor-column elementor-col-100 elementor-top-column elementor-element elementor-element-4ecf80da\" data-id=\"4ecf80da\" data-element_type=\"column\">\n\t\t\t<div class=\"elementor-widget-wrap elementor-element-populated\">\n\t\t\t\t\t\t\t\t<div class=\"elementor-element elementor-element-7c479955 elementor-widget elementor-widget-text-editor\" data-id=\"7c479955\" data-element_type=\"widget\" data-settings=\"{&quot;ekit_we_effect_on&quot;:&quot;none&quot;}\" data-widget_type=\"text-editor.default\">\n\t\t\t\t<div class=\"elementor-widget-container\">\n\t\t\t\t\t\t\t<h3 class=\"has-medium-font-size\"><strong>FILMOV\u00dd WORKSHOP ZDARMA V R\u00c1MCI PRAGUE SCIENCE FILM FESTU!<\/strong><\/h3><p>Ve spolupr\u00e1ci s My Street Films jsme pro v\u00e1s p\u0159ipravili intenzivn\u00ed jednodenn\u00ed filmov\u00fd workshop!<\/p><p>Dok\u00e1\u017eete v kampusu \u010cZU spat\u0159it divo\u010dinu? Z\u00e1le\u017e\u00ed na \u00fahlu pohledu a rozhodn\u011b to nemus\u00ed b\u00fdt jen b\u011b\u017en\u00e9mu pohledu unikaj\u00edc\u00ed skryt\u00fd \u017eivot zv\u00ed\u0159at a rostlin, nebo no\u010dn\u00ed \u017eivot na Kruh\u00e1\u010di \u010di v C\u00e9\u010dku. Na filmov\u00e9m workshopu bude kampus \u010cZU hlavn\u00edm akt\u00e9rem a na jedno odpoledne se stane m\u00edstem filmov\u00e9ho pozorov\u00e1n\u00ed. Zastavte se. Pozorujte a objevujte \u2013 pr\u016fb\u011bh adaptace, invazivn\u00ed procesy, rutinu i ritu\u00e1ly.<\/p><p class=\"has-medium-font-size\"><img decoding=\"async\" class=\"emoji\" role=\"img\" draggable=\"false\" src=\"https:\/\/s.w.org\/images\/core\/emoji\/14.0.0\/svg\/1f31f.svg\" alt=\"\ud83c\udf1f\" \/> <strong>Co na v\u00e1s \u010dek\u00e1? <\/strong><img decoding=\"async\" class=\"emoji\" role=\"img\" draggable=\"false\" src=\"https:\/\/s.w.org\/images\/core\/emoji\/14.0.0\/svg\/1f31f.svg\" alt=\"\ud83c\udf1f\" \/><\/p><ul><li>Jednodenn\u00ed filmov\u00fd workshop pro skupinu 8 osob veden\u00fd dokumentaristkou <b>Gretou Stocklassa<\/b>. Autorkou dokument\u00e1rn\u00edch film\u016f Blix not Bombs (2023) nebo Kiruna \u2013 p\u0159ekr\u00e1sn\u00fd nov\u00fd sv\u011bt (2019).<\/li><li><span style=\"color: var( --e-global-color-text ); font-family: var( --e-global-typography-text-font-family ), Sans-serif; font-weight: var( --e-global-typography-text-font-weight ); background-color: transparent;\">Workshop bude zam\u011b\u0159en\u00fd na observa\u010dn\u00ed metodu dokument\u00e1rn\u00edho filmu \u2013 s p\u0159esahem k situa\u010dn\u00edmu dokumentu a filmov\u00e9ho st\u0159ihu.<\/span><\/li><\/ul><p class=\"has-medium-font-size\"><img decoding=\"async\" class=\"emoji\" role=\"img\" draggable=\"false\" src=\"https:\/\/s.w.org\/images\/core\/emoji\/14.0.0\/svg\/2705.svg\" alt=\"\u2705\" \/> <strong>Praktick\u00e9 info<\/strong> <img decoding=\"async\" class=\"emoji\" role=\"img\" draggable=\"false\" src=\"https:\/\/s.w.org\/images\/core\/emoji\/14.0.0\/svg\/2705.svg\" alt=\"\u2705\" \/><\/p><ul><li>Workshop se uskute\u010dn\u00ed <strong>v kampusu \u010cZU v \u00fater\u00fd 15. 10 2024 <\/strong>v pr\u016fb\u011bhu cel\u00e9ho dne.<\/li><li><span style=\"color: var( --e-global-color-text ); font-family: var( --e-global-typography-text-font-family ), Sans-serif; font-weight: var( --e-global-typography-text-font-weight ); background-color: transparent;\">Nat\u00e1\u010det budete na vlastn\u00ed mobiln\u00ed telefon a my zajist\u00edme dal\u0161\u00ed technickou podporu (porty, stativy apod.)<\/span><\/li><li>V\u00fdsledkem bude kr\u00e1tk\u00fd kolektivn\u00ed film \u010di s\u00e9rie kr\u00e1tk\u00fdch vide\u00ed.<\/li><\/ul><p>\u00a0<\/p><h4 style=\"text-align: center;\"><strong>KAPACITA WORKSHOPU JE\u00a0 NAPLN\u011aNA.<\/strong><\/h4><h4 style=\"text-align: center;\"><strong> REGISTRACE JSOU PRO TENTO ROK JI\u017d UZAV\u0158ENY.\u00a0<\/strong><\/h4><figure class=\"wp-block-image size-full\"><\/figure><p><iframe loading=\"lazy\" src=\"https:\/\/docs.google.com\/forms\/d\/e\/1FAIpQLSe_4OtFJtGEoVTe3yNwkzw75S3B9aMb-j4kwQ5mKn442jRzkw\/viewform?embedded=true\" width=\"640\" height=\"1561\" frameborder=\"0\" marginwidth=\"0\" marginheight=\"0\">Na\u010d\u00edt\u00e1n\u00ed\u2026<\/iframe><\/p>\t\t\t\t\t\t<\/div>\n\t\t\t\t<\/div>\n\t\t\t\t\t<\/div>\n\t\t<\/div>\n\t\t\t\t\t\t\t<\/div>\n\t\t<\/section>\n\t\t\t\t\t\t<\/div>\n\t\t\t\t\t<\/div>\n\t\t\n    <div class=\"xs_social_share_widget xs_share_url after_content \t\tmain_content  wslu-style-1 wslu-share-box-shaped wslu-fill-colored wslu-none wslu-share-horizontal wslu-theme-font-no wslu-main_content\">\n\n\t\t\n        <ul>\n\t\t\t        <\/ul>\n    <\/div> \n","protected":false},"excerpt":{"rendered":"<p>FILMOV\u00dd WORKSHOP ZDARMA V R\u00c1MCI PRAGUE SCIENCE FILM FESTU! Ve spolupr\u00e1ci s My Street Films jsme pro v\u00e1s p\u0159ipravili intenzivn\u00ed jednodenn\u00ed filmov\u00fd workshop! Dok\u00e1\u017eete v kampusu \u010cZU spat\u0159it divo\u010dinu? Z\u00e1le\u017e\u00ed na \u00fahlu pohledu a rozhodn\u011b to nemus\u00ed b\u00fdt jen b\u011b\u017en\u00e9mu pohledu unikaj\u00edc\u00ed skryt\u00fd \u017eivot zv\u00ed\u0159at a rostlin, nebo no\u010dn\u00ed \u017eivot na Kruh\u00e1\u010di \u010di v C\u00e9\u010dku. [&hellip;]<\/p>\n","protected":false},"author":5,"featured_media":0,"parent":0,"menu_order":0,"comment_status":"closed","ping_status":"closed","template":"","meta":{"_monsterinsights_skip_tracking":false,"_monsterinsights_sitenote_active":false,"_monsterinsights_sitenote_note":"","_monsterinsights_sitenote_category":0,"footnotes":""},"class_list":["post-18641","page","type-page","status-publish","hentry"],"aioseo_notices":[],"_links":{"self":[{"href":"https:\/\/psff.cz\/en\/wp-json\/wp\/v2\/pages\/18641","targetHints":{"allow":["GET"]}}],"collection":[{"href":"https:\/\/psff.cz\/en\/wp-json\/wp\/v2\/pages"}],"about":[{"href":"https:\/\/psff.cz\/en\/wp-json\/wp\/v2\/types\/page"}],"author":[{"embeddable":true,"href":"https:\/\/psff.cz\/en\/wp-json\/wp\/v2\/users\/5"}],"replies":[{"embeddable":true,"href":"https:\/\/psff.cz\/en\/wp-json\/wp\/v2\/comments?post=18641"}],"version-history":[{"count":9,"href":"https:\/\/psff.cz\/en\/wp-json\/wp\/v2\/pages\/18641\/revisions"}],"predecessor-version":[{"id":18860,"href":"https:\/\/psff.cz\/en\/wp-json\/wp\/v2\/pages\/18641\/revisions\/18860"}],"wp:attachment":[{"href":"https:\/\/psff.cz\/en\/wp-json\/wp\/v2\/media?parent=18641"}],"curies":[{"name":"wp","href":"https:\/\/api.w.org\/{rel}","templated":true}]}}