{"id":15551,"date":"2021-10-08T19:55:01","date_gmt":"2021-10-08T17:55:01","guid":{"rendered":"https:\/\/psff.cz\/registrace\/"},"modified":"2025-09-25T16:12:54","modified_gmt":"2025-09-25T14:12:54","slug":"registrace","status":"publish","type":"page","link":"https:\/\/psff.cz\/en\/registrace\/","title":{"rendered":"Registration"},"content":{"rendered":"\t\t<div data-elementor-type=\"wp-page\" data-elementor-id=\"15551\" class=\"elementor elementor-15551 elementor-15512\" data-elementor-settings=\"[]\">\n\t\t\t\t\t\t\t<div class=\"elementor-section-wrap\">\n\t\t\t\t\t\t\t<section class=\"elementor-section elementor-top-section elementor-element elementor-element-a3dd2d2 elementor-section-boxed elementor-section-height-default elementor-section-height-default\" data-id=\"a3dd2d2\" data-element_type=\"section\">\n\t\t\t\t\t\t<div class=\"elementor-container elementor-column-gap-default\">\n\t\t\t\t\t<div class=\"elementor-column elementor-col-100 elementor-top-column elementor-element elementor-element-7c738a8\" data-id=\"7c738a8\" data-element_type=\"column\">\n\t\t\t<div class=\"elementor-widget-wrap elementor-element-populated\">\n\t\t\t\t\t\t\t\t<div class=\"elementor-element elementor-element-3e85f90 elementor-widget elementor-widget-heading\" data-id=\"3e85f90\" data-element_type=\"widget\" data-settings=\"{&quot;ekit_we_effect_on&quot;:&quot;none&quot;}\" data-widget_type=\"heading.default\">\n\t\t\t\t<div class=\"elementor-widget-container\">\n\t\t\t<h2 class=\"elementor-heading-title elementor-size-default\">Get your festival pass<\/h2>\t\t<\/div>\n\t\t\t\t<\/div>\n\t\t\t\t\t<\/div>\n\t\t<\/div>\n\t\t\t\t\t\t\t<\/div>\n\t\t<\/section>\n\t\t\t\t<section class=\"elementor-section elementor-top-section elementor-element elementor-element-fb1d9ce elementor-section-boxed elementor-section-height-default elementor-section-height-default\" data-id=\"fb1d9ce\" data-element_type=\"section\">\n\t\t\t\t\t\t<div class=\"elementor-container elementor-column-gap-default\">\n\t\t\t\t\t<div class=\"elementor-column elementor-col-100 elementor-top-column elementor-element elementor-element-3eaa704\" data-id=\"3eaa704\" data-element_type=\"column\">\n\t\t\t<div class=\"elementor-widget-wrap elementor-element-populated\">\n\t\t\t\t\t\t\t\t<div class=\"elementor-element elementor-element-ba9a2c5 elementor-widget elementor-widget-text-editor\" data-id=\"ba9a2c5\" data-element_type=\"widget\" data-settings=\"{&quot;ekit_we_effect_on&quot;:&quot;none&quot;}\" data-widget_type=\"text-editor.default\">\n\t\t\t\t<div class=\"elementor-widget-container\">\n\t\t\t\t\t\t\t<ul><li>To attend the festival programme you need nothing more than to register for free.<\/li><li>Upon registration, you will then collect your festival pass, which will let you into all the festival programme.<\/li><li>You will be able to pick up your festival pass in person during the festival in the foyer in front of the auditorium from 20 to 23 October always half an hour before the start of the programme.<\/li><\/ul>\t\t\t\t\t\t<\/div>\n\t\t\t\t<\/div>\n\t\t\t\t\t<\/div>\n\t\t<\/div>\n\t\t\t\t\t\t\t<\/div>\n\t\t<\/section>\n\t\t\t\t<section class=\"elementor-section elementor-top-section elementor-element elementor-element-ad73977 elementor-section-boxed elementor-section-height-default elementor-section-height-default\" data-id=\"ad73977\" data-element_type=\"section\">\n\t\t\t\t\t\t<div class=\"elementor-container elementor-column-gap-default\">\n\t\t\t\t\t<div class=\"elementor-column elementor-col-100 elementor-top-column elementor-element elementor-element-ee47fdd\" data-id=\"ee47fdd\" data-element_type=\"column\">\n\t\t\t<div class=\"elementor-widget-wrap elementor-element-populated\">\n\t\t\t\t\t\t\t\t<div class=\"elementor-element elementor-element-69557ec elementor-widget elementor-widget-text-editor\" data-id=\"69557ec\" data-element_type=\"widget\" data-settings=\"{&quot;ekit_we_effect_on&quot;:&quot;none&quot;}\" data-widget_type=\"text-editor.default\">\n\t\t\t\t<div class=\"elementor-widget-container\">\n\t\t\t\t\t\t\t<p>We are really looking forward to seeing you!<\/p>\t\t\t\t\t\t<\/div>\n\t\t\t\t<\/div>\n\t\t\t\t\t<\/div>\n\t\t<\/div>\n\t\t\t\t\t\t\t<\/div>\n\t\t<\/section>\n\t\t\t\t<section class=\"elementor-section elementor-top-section elementor-element elementor-element-63eb157 elementor-section-boxed elementor-section-height-default elementor-section-height-default\" data-id=\"63eb157\" data-element_type=\"section\">\n\t\t\t\t\t\t<div class=\"elementor-container elementor-column-gap-default\">\n\t\t\t\t\t<div class=\"elementor-column elementor-col-100 elementor-top-column elementor-element elementor-element-d50ecf5\" data-id=\"d50ecf5\" data-element_type=\"column\">\n\t\t\t<div class=\"elementor-widget-wrap elementor-element-populated\">\n\t\t\t\t\t\t\t\t<div class=\"elementor-element elementor-element-272a115 elementor-widget elementor-widget-wp-widget-gform_widget\" data-id=\"272a115\" data-element_type=\"widget\" data-settings=\"{&quot;ekit_we_effect_on&quot;:&quot;none&quot;}\" data-widget_type=\"wp-widget-gform_widget.default\">\n\t\t\t\t<div class=\"elementor-widget-container\">\n\t\t\t<link rel='stylesheet' id='gform_basic-css' href='https:\/\/psff.cz\/wp-content\/plugins\/gravityforms\/css\/basic.min.css?ver=2.5.10' type='text\/css' media='all' \/>\n<link rel='stylesheet' id='gform_theme_ie11-css' href='https:\/\/psff.cz\/wp-content\/plugins\/gravityforms\/css\/theme-ie11.min.css?ver=2.5.10' type='text\/css' media='all' \/>\n<link rel='stylesheet' id='gform_theme-css' href='https:\/\/psff.cz\/wp-content\/plugins\/gravityforms\/css\/theme.min.css?ver=2.5.10' type='text\/css' media='all' \/>\n<script type=\"text\/javascript\" src=\"https:\/\/psff.cz\/wp-includes\/js\/dist\/dom-ready.min.js?ver=f77871ff7694fffea381\" id=\"wp-dom-ready-js\"><\/script>\n<script type=\"text\/javascript\" src=\"https:\/\/psff.cz\/wp-includes\/js\/dist\/hooks.min.js?ver=4d63a3d491d11ffd8ac6\" id=\"wp-hooks-js\"><\/script>\n<script type=\"text\/javascript\" src=\"https:\/\/psff.cz\/wp-includes\/js\/dist\/i18n.min.js?ver=5e580eb46a90c2b997e6\" id=\"wp-i18n-js\"><\/script>\n<script type=\"text\/javascript\" id=\"wp-i18n-js-after\">\n\/* <![CDATA[ *\/\nwp.i18n.setLocaleData( { 'text direction\\u0004ltr': [ 'ltr' ] } );\n\/* ]]> *\/\n<\/script>\n<script type=\"text\/javascript\" src=\"https:\/\/psff.cz\/wp-includes\/js\/dist\/a11y.min.js?ver=3156534cc54473497e14\" id=\"wp-a11y-js\"><\/script>\n<script type=\"text\/javascript\" src=\"https:\/\/psff.cz\/wp-includes\/js\/jquery\/jquery.min.js?ver=3.7.1\" id=\"jquery-core-js\"><\/script>\n<script type=\"text\/javascript\" src=\"https:\/\/psff.cz\/wp-includes\/js\/jquery\/jquery-migrate.min.js?ver=3.4.1\" id=\"jquery-migrate-js\"><\/script>\n<script type=\"text\/javascript\" defer='defer' src=\"https:\/\/psff.cz\/wp-content\/plugins\/gravityforms\/js\/jquery.json.min.js?ver=2.5.10\" id=\"gform_json-js\"><\/script>\n<script type=\"text\/javascript\" id=\"gform_gravityforms-js-extra\">\n\/* <![CDATA[ *\/\nvar gform_i18n = {\"datepicker\":{\"days\":{\"monday\":\"Mon\",\"tuesday\":\"Tue\",\"wednesday\":\"Wed\",\"thursday\":\"Thu\",\"friday\":\"Fri\",\"saturday\":\"Sat\",\"sunday\":\"Sun\"},\"months\":{\"january\":\"January\",\"february\":\"February\",\"march\":\"March\",\"april\":\"April\",\"may\":\"May\",\"june\":\"June\",\"july\":\"July\",\"august\":\"August\",\"september\":\"September\",\"october\":\"October\",\"november\":\"November\",\"december\":\"December\"},\"firstDay\":1,\"iconText\":\"Select date\"}};\nvar gf_global = {\"gf_currency_config\":{\"name\":\"U.S. Dollar\",\"symbol_left\":\"$\",\"symbol_right\":\"\",\"symbol_padding\":\"\",\"thousand_separator\":\",\",\"decimal_separator\":\".\",\"decimals\":2},\"base_url\":\"https:\\\/\\\/psff.cz\\\/wp-content\\\/plugins\\\/gravityforms\",\"number_formats\":[],\"spinnerUrl\":\"https:\\\/\\\/psff.cz\\\/wp-content\\\/plugins\\\/gravityforms\\\/images\\\/spinner.svg\",\"strings\":{\"newRowAdded\":\"New row added.\",\"rowRemoved\":\"Row removed\",\"formSaved\":\"The form has been saved.  The content contains the link to return and complete the form.\"}};\n\/* ]]> *\/\n<\/script>\n<script type=\"text\/javascript\" defer='defer' src=\"https:\/\/psff.cz\/wp-content\/plugins\/gravityforms\/js\/gravityforms.min.js?ver=2.5.10\" id=\"gform_gravityforms-js\"><\/script>\n<script type=\"text\/javascript\">if(!gform){document.addEventListener(\"gform_main_scripts_loaded\",function(){gform.scriptsLoaded=!0}),window.addEventListener(\"DOMContentLoaded\",function(){gform.domLoaded=!0});var gform={domLoaded:!1,scriptsLoaded:!1,initializeOnLoaded:function(o){gform.domLoaded&&gform.scriptsLoaded?o():!gform.domLoaded&&gform.scriptsLoaded?window.addEventListener(\"DOMContentLoaded\",o):document.addEventListener(\"gform_main_scripts_loaded\",o)},hooks:{action:{},filter:{}},addAction:function(o,n,r,t){gform.addHook(\"action\",o,n,r,t)},addFilter:function(o,n,r,t){gform.addHook(\"filter\",o,n,r,t)},doAction:function(o){gform.doHook(\"action\",o,arguments)},applyFilters:function(o){return gform.doHook(\"filter\",o,arguments)},removeAction:function(o,n){gform.removeHook(\"action\",o,n)},removeFilter:function(o,n,r){gform.removeHook(\"filter\",o,n,r)},addHook:function(o,n,r,t,i){null==gform.hooks[o][n]&&(gform.hooks[o][n]=[]);var e=gform.hooks[o][n];null==i&&(i=n+\"_\"+e.length),null==t&&(t=10),gform.hooks[o][n].push({tag:i,callable:r,priority:t})},doHook:function(o,n,r){if(r=Array.prototype.slice.call(r,1),null!=gform.hooks[o][n]){var t,i=gform.hooks[o][n];i.sort(function(o,n){return o.priority-n.priority});for(var e=0;e<i.length;e++)\"function\"!=typeof(t=i[e].callable)&&(t=window[t]),\"action\"==o?t.apply(null,r):r[0]=t.apply(null,r)}if(\"filter\"==o)return r[0]},removeHook:function(o,n,r,t){if(null!=gform.hooks[o][n])for(var i=gform.hooks[o][n],e=i.length-1;0<=e;e--)null!=t&&t!=i[e].tag||null!=r&&r!=i[e].priority||i.splice(e,1)}}}<\/script>\n                <div class='gf_browser_gecko gform_wrapper gravity-theme' id='gform_wrapper_5' ><form method='post' enctype='multipart\/form-data'  id='gform_5'  action='\/en\/wp-json\/wp\/v2\/pages\/15551' novalidate>\n                        <div class='gform_body gform-body'><div id='gform_fields_5' class='gform_fields top_label form_sublabel_below description_below'><fieldset id=\"field_5_3\" class=\"gfield gfield--width-full gfield_contains_required field_sublabel_below field_description_below gfield_visibility_visible\" ><legend class='gfield_label gfield_label_before_complex'  >Jm\u00e9no \/ Name<span class=\"gfield_required\"><span class=\"gfield_required gfield_required_custom\">(Povinn\u00e9 \u00fadaje)<\/span><\/span><\/legend><div class='ginput_complex ginput_container no_prefix has_first_name no_middle_name has_last_name no_suffix gf_name_has_2 ginput_container_name' id='input_5_3'>\n                            \n                            <span id='input_5_3_3_container' class='name_first' >\n                                                    <input type='text' name='input_3.3' id='input_5_3_3' value='' aria-label='First name'   aria-required='true'     \/>\n                                                    <label for='input_5_3_3' >Jm\u00e9no \/ Name<\/label>\n                                                <\/span>\n                            \n                            <span id='input_5_3_6_container' class='name_last' >\n                                                    <input type='text' name='input_3.6' id='input_5_3_6' value='' aria-label='Last name'   aria-required='true'     \/>\n                                                    <label for='input_5_3_6' >P\u0159\u00edjmen\u00ed \/ Surname<\/label>\n                                                <\/span>\n                            \n                        <\/div><\/fieldset><div id=\"field_5_4\" class=\"gfield gfield--width-full gfield_contains_required field_sublabel_below field_description_below gfield_visibility_visible\" ><label class='gfield_label' for='input_5_4' >E-mail<span class=\"gfield_required\"><span class=\"gfield_required gfield_required_custom\">(Povinn\u00e9 \u00fadaje)<\/span><\/span><\/label><div class='ginput_container ginput_container_email'>\n                            <input name='input_4' id='input_5_4' type='email' value='' class='large'    aria-required=\"true\" aria-invalid=\"false\"  \/>\n                        <\/div><\/div><fieldset id=\"field_5_5\" class=\"gfield gfield--width-full gfield_contains_required field_sublabel_below field_description_below gfield_visibility_visible\" ><legend class='gfield_label'  >Mo\u017enosti \/ Options<span class=\"gfield_required\"><span class=\"gfield_required gfield_required_custom\">(Povinn\u00e9 \u00fadaje)<\/span><\/span><\/legend><div class='ginput_container ginput_container_radio'><div class='gfield_radio' id='input_5_5'>\n\t\t\t<div class='gchoice gchoice_5_5_0'>\n\t\t\t\t\t<input class='gfield-choice-input' name='input_5' type='radio' value='Student\/ka \u010cZU \/ CZU Student'  id='choice_5_5_0' onchange='gformToggleRadioOther( this )'    \/>\n\t\t\t\t\t<label for='choice_5_5_0' id='label_5_5_0'>Student\/ka \u010cZU \/ CZU Student<\/label>\n\t\t\t<\/div>\n\t\t\t<div class='gchoice gchoice_5_5_1'>\n\t\t\t\t\t<input class='gfield-choice-input' name='input_5' type='radio' value='Zam\u011bstnanec \u010cZU \/ CZU Employee'  id='choice_5_5_1' onchange='gformToggleRadioOther( this )'    \/>\n\t\t\t\t\t<label for='choice_5_5_1' id='label_5_5_1'>Zam\u011bstnanec \u010cZU \/ CZU Employee<\/label>\n\t\t\t<\/div>\n\t\t\t<div class='gchoice gchoice_5_5_2'>\n\t\t\t\t\t<input class='gfield-choice-input' name='input_5' type='radio' value='Student\/ka jin\u00e9 V\u0160 \/ Student of another university'  id='choice_5_5_2' onchange='gformToggleRadioOther( this )'    \/>\n\t\t\t\t\t<label for='choice_5_5_2' id='label_5_5_2'>Student\/ka jin\u00e9 V\u0160 \/ Student of another university<\/label>\n\t\t\t<\/div>\n\t\t\t<div class='gchoice gchoice_5_5_3'>\n\t\t\t\t\t<input class='gfield-choice-input' name='input_5' type='radio' value='Pracuj\u00edc\u00ed \/ Working'  id='choice_5_5_3' onchange='gformToggleRadioOther( this )'    \/>\n\t\t\t\t\t<label for='choice_5_5_3' id='label_5_5_3'>Pracuj\u00edc\u00ed \/ Working<\/label>\n\t\t\t<\/div>\n\t\t\t<div class='gchoice gchoice_5_5_4'>\n\t\t\t\t\t<input class='gfield-choice-input' name='input_5' type='radio' value='Jin\u00e9 \/ Other'  id='choice_5_5_4' onchange='gformToggleRadioOther( this )'    \/>\n\t\t\t\t\t<label for='choice_5_5_4' id='label_5_5_4'>Jin\u00e9 \/ Other<\/label>\n\t\t\t<\/div><\/div><\/div><\/fieldset><div id=\"field_5_6\" class=\"gfield gfield--width-full gfield_html gfield_html_formatted gfield_no_follows_desc field_sublabel_below field_description_below gfield_visibility_visible\" ><p>Odesl\u00e1n\u00edm registra\u010dn\u00edho formul\u00e1\u0159e souhlas\u00edte se <a href=\"https:\/\/psff.cz\/ochrana-osobnich-udaju\/\"> zpracov\u00e1n\u00edm Va\u0161ich osobn\u00edch \u00fadaj\u016f<\/a><\/div><div id=\"field_5_7\" class=\"gfield gform_validation_container field_sublabel_below field_description_below gfield_visibility_visible\" ><label class='gfield_label' for='input_5_7' >Phone<\/label><div class='ginput_container'><input name='input_7' id='input_5_7' type='text' value='' autocomplete='new-password'\/><\/div><div class='gfield_description' id='gfield_description_5_7'>This field is for validation purposes and should be left unchanged.<\/div><\/div><\/div><\/div>\n        <div class='gform_footer top_label'> <input type='submit' id='gform_submit_button_5' class='gform_button button' value='Registrovat'  onclick='if(window[\"gf_submitting_5\"]){return false;}  if( !jQuery(\"#gform_5\")[0].checkValidity || jQuery(\"#gform_5\")[0].checkValidity()){window[\"gf_submitting_5\"]=true;}  ' onkeypress='if( event.keyCode == 13 ){ if(window[\"gf_submitting_5\"]){return false;} if( !jQuery(\"#gform_5\")[0].checkValidity || jQuery(\"#gform_5\")[0].checkValidity()){window[\"gf_submitting_5\"]=true;}  jQuery(\"#gform_5\").trigger(\"submit\",[true]); }' \/> \n            <input type='hidden' class='gform_hidden' name='is_submit_5' value='1' \/>\n            <input type='hidden' class='gform_hidden' name='gform_submit' value='5' \/>\n            \n            <input type='hidden' class='gform_hidden' name='gform_unique_id' value='' \/>\n            <input type='hidden' class='gform_hidden' name='state_5' value='WyJbXSIsIjI1NzNjZDk4YmRiZDUwOWU1NmJlNjJkZjM2OTBjM2M4Il0=' \/>\n            <input type='hidden' class='gform_hidden' name='gform_target_page_number_5' id='gform_target_page_number_5' value='0' \/>\n            <input type='hidden' class='gform_hidden' name='gform_source_page_number_5' id='gform_source_page_number_5' value='1' \/>\n            <input type='hidden' name='gform_field_values' value='' \/>\n            \n        <\/div>\n                        <\/form>\n                        <\/div>\t\t<\/div>\n\t\t\t\t<\/div>\n\t\t\t\t\t<\/div>\n\t\t<\/div>\n\t\t\t\t\t\t\t<\/div>\n\t\t<\/section>\n\t\t\t\t\t\t<\/div>\n\t\t\t\t\t<\/div>\n\t\t\n    <div class=\"xs_social_share_widget xs_share_url after_content \t\tmain_content  wslu-style-1 wslu-share-box-shaped wslu-fill-colored wslu-none wslu-share-horizontal wslu-theme-font-no wslu-main_content\">\n\n\t\t\n        <ul>\n\t\t\t        <\/ul>\n    <\/div> \n","protected":false},"excerpt":{"rendered":"<p>Get your festival pass To attend the festival programme you need nothing more than to register for free. Upon registration, you will then collect your festival pass, which will let you into all the festival programme. You will be able to pick up your festival pass in person during the festival in the foyer in [&hellip;]<\/p>\n","protected":false},"author":1,"featured_media":0,"parent":0,"menu_order":0,"comment_status":"closed","ping_status":"closed","template":"","meta":{"_monsterinsights_skip_tracking":false,"_monsterinsights_sitenote_active":false,"_monsterinsights_sitenote_note":"","_monsterinsights_sitenote_category":0,"footnotes":""},"class_list":["post-15551","page","type-page","status-publish","hentry"],"aioseo_notices":[],"_links":{"self":[{"href":"https:\/\/psff.cz\/en\/wp-json\/wp\/v2\/pages\/15551","targetHints":{"allow":["GET"]}}],"collection":[{"href":"https:\/\/psff.cz\/en\/wp-json\/wp\/v2\/pages"}],"about":[{"href":"https:\/\/psff.cz\/en\/wp-json\/wp\/v2\/types\/page"}],"author":[{"embeddable":true,"href":"https:\/\/psff.cz\/en\/wp-json\/wp\/v2\/users\/1"}],"replies":[{"embeddable":true,"href":"https:\/\/psff.cz\/en\/wp-json\/wp\/v2\/comments?post=15551"}],"version-history":[{"count":28,"href":"https:\/\/psff.cz\/en\/wp-json\/wp\/v2\/pages\/15551\/revisions"}],"predecessor-version":[{"id":19152,"href":"https:\/\/psff.cz\/en\/wp-json\/wp\/v2\/pages\/15551\/revisions\/19152"}],"wp:attachment":[{"href":"https:\/\/psff.cz\/en\/wp-json\/wp\/v2\/media?parent=15551"}],"curies":[{"name":"wp","href":"https:\/\/api.w.org\/{rel}","templated":true}]}}